{"id":5455,"date":"2017-04-10T08:12:20","date_gmt":"2017-04-10T08:12:20","guid":{"rendered":"http:\/\/mediclinic.mikado-themes.com\/?page_id=8"},"modified":"2025-12-16T14:06:33","modified_gmt":"2025-12-16T17:06:33","slug":"home-1","status":"publish","type":"page","link":"https:\/\/armazenebox.com.br\/site\/","title":{"rendered":"Home"},"content":{"rendered":"[vc_row content_placement=&#8221;top&#8221; type=&#8221;full_width_content&#8221; full_screen_row_position=&#8221;middle&#8221; scene_position=&#8221;center&#8221; text_color=&#8221;dark&#8221; text_align=&#8221;left&#8221; id=&#8221;servicos&#8221; row_name=&#8221;Servi\u00e7os&#8221; disable_ken_burns=&#8221;yes&#8221; overlay_strength=&#8221;0.3&#8243;][vc_column column_padding=&#8221;no-extra-padding&#8221; column_padding_position=&#8221;top&#8221; background_color_opacity=&#8221;1&#8243; background_hover_color_opacity=&#8221;1&#8243; background_image=&#8221;1339&#8243; column_shadow=&#8221;none&#8221; tablet_text_alignment=&#8221;default&#8221; phone_text_alignment=&#8221;default&#8221; column_border_width=&#8221;none&#8221; column_border_style=&#8221;solid&#8221;]<div class=\"avt_masterslider_el slider-desktop\" >\n\t\t<!-- MasterSlider -->\n\t\t<div id=\"P_MS69e21bfebf757\" class=\"master-slider-parent msl slider-desktop  ms-parent-id-1\" style=\"\">\n\n\t\t\t\n\t\t\t<!-- MasterSlider Main -->\n\t\t\t<div id=\"MS69e21bfebf757\" class=\"master-slider ms-skin-light-6 round-skin\" >\n\t\t\t\t \t\t\t\t \n\t\t\t\t<div  class=\"ms-slide\" data-delay=\"2\" data-fill-mode=\"fill\"  >\n\t\t\t\t\t<img decoding=\"async\" src=\"https:\/\/armazenebox.com.br\/site\/wp-content\/plugins\/master-slider\/public\/assets\/css\/blank.gif\" alt=\"\" title=\"\" data-src=\"https:\/\/armazenebox.com.br\/site\/wp-content\/uploads\/2025\/07\/BANNER-.jpg\" \/>\n\n\n\t<div class=\"ms-thumb\" ><div class=\"ms-tab-context\"><div class=\"&quot;ms-tab-context&quot;\"><\/div><\/div>\n<\/div>\n\t\t\t\t<\/div>\n\t\t\t\t<div  class=\"ms-slide\" data-delay=\"2\" data-fill-mode=\"fill\"  >\n\t\t\t\t\t<img decoding=\"async\" src=\"https:\/\/armazenebox.com.br\/site\/wp-content\/plugins\/master-slider\/public\/assets\/css\/blank.gif\" alt=\"\" title=\"\" data-src=\"https:\/\/armazenebox.com.br\/site\/wp-content\/uploads\/2025\/07\/BANNER2-.jpg\" \/>\n\n\n\t<div class=\"ms-thumb\" ><div class=\"ms-tab-context\"><div class=\"&quot;ms-tab-context&quot;\"><\/div><\/div>\n<\/div>\n\t\t\t\t<\/div>\n\t\t\t\t<div  class=\"ms-slide\" data-delay=\"2\" data-fill-mode=\"fill\"  >\n\t\t\t\t\t<img decoding=\"async\" src=\"https:\/\/armazenebox.com.br\/site\/wp-content\/plugins\/master-slider\/public\/assets\/css\/blank.gif\" alt=\"\" title=\"\" data-src=\"https:\/\/armazenebox.com.br\/site\/wp-content\/uploads\/2025\/07\/BANNER3-.jpg\" \/>\n\n\n\t<div class=\"ms-thumb\" ><div class=\"ms-tab-context\"><div class=\"&quot;ms-tab-context&quot;\"><\/div><\/div>\n<\/div>\n\t\t\t\t<\/div>\n\t\t\t\t<div  class=\"ms-slide\" data-delay=\"2\" data-fill-mode=\"fill\"  >\n\t\t\t\t\t<img decoding=\"async\" src=\"https:\/\/armazenebox.com.br\/site\/wp-content\/plugins\/master-slider\/public\/assets\/css\/blank.gif\" alt=\"\" title=\"\" data-src=\"https:\/\/armazenebox.com.br\/site\/wp-content\/uploads\/2025\/07\/BANNER4-.jpg\" \/>\n\n\n\t<div class=\"ms-thumb\" ><div class=\"ms-tab-context\"><div class=\"&quot;ms-tab-context&quot;\"><\/div><\/div>\n<\/div>\n\t\t\t\t<\/div>\n\t\t\t\t<div  class=\"ms-slide\" data-delay=\"2\" data-fill-mode=\"fill\"  >\n\t\t\t\t\t<img decoding=\"async\" src=\"https:\/\/armazenebox.com.br\/site\/wp-content\/plugins\/master-slider\/public\/assets\/css\/blank.gif\" alt=\"\" title=\"\" data-src=\"https:\/\/armazenebox.com.br\/site\/wp-content\/uploads\/2025\/07\/BANNER5-.jpg\" \/>\n\n\n\t<div class=\"ms-thumb\" ><div class=\"ms-tab-context\"><div class=\"&quot;ms-tab-context&quot;\"><\/div><\/div>\n<\/div>\n\t\t\t\t<\/div>\n\n\t\t\t<\/div>\n\t\t\t<!-- END MasterSlider Main -->\n\n\t\t\t \n\t\t<\/div>\n\t\t<!-- END MasterSlider -->\n\n\t\t<script>\n\t\t(function ( $ ) {\n\t\t\t\"use strict\";\n\n\t\t\t$(function () {\n\t\t\t\tvar masterslider_f757 = new MasterSlider();\n\n\t\t\t\t\/\/ slider controls\n\n\t\t\t\t\/\/ slider setup\n\t\t\t\tmasterslider_f757.setup(\"MS69e21bfebf757\", {\n\t\t\t\t\t\twidth           : 0,\n\t\t\t\t\t\theight          : 600,\n\t\t\t\t\t\tminHeight       : 0,\n\t\t\t\t\t\tspace           : 0,\n\t\t\t\t\t\tstart           : 1,\n\t\t\t\t\t\tgrabCursor      : true,\n\t\t\t\t\t\tswipe           : true,\n\t\t\t\t\t\tmouse           : true,\n\t\t\t\t\t\tlayout          : \"fullwidth\",\n\t\t\t\t\t\twheel           : false,\n\t\t\t\t\t\tautoplay        : true,\n\t\t\t\t\t\tinstantStartLayers:false,\n\t\t\t\t\t\tloop            : true,\n\t\t\t\t\t\tshuffle         : false,\n\t\t\t\t\t\tpreload         : 0,\n\t\t\t\t\t\theightLimit     : true,\n\t\t\t\t\t\tautoHeight      : true,\n\t\t\t\t\t\tsmoothHeight    : true,\n\t\t\t\t\t\tendPause        : false,\n\t\t\t\t\t\toverPause       : false,\n\t\t\t\t\t\tfillMode        : \"fill\",\n\t\t\t\t\t\tcenterControls  : false,\n\t\t\t\t\t\tstartOnAppear   : false,\n\t\t\t\t\t\tlayersMode      : \"center\",\n\t\t\t\t\t\thideLayers      : false,\n\t\t\t\t\t\tfullscreenMargin: 0,\n\t\t\t\t\t\tspeed           : 22,\n\t\t\t\t\t\tdir             : \"h\",\n\t\t\t\t\t\tparallaxMode    : 'swipe',\n\t\t\t\t\t\tview            : \"fade\"\n\t\t\t\t});\n\n\t\t\t\t\n\t\t\t\twindow.masterslider_instances = window.masterslider_instances || [];\n\t\t\t\twindow.masterslider_instances.push( masterslider_f757 );\n\t\t\t });\n\n\t\t})(jQuery);\n\t\t<\/script>\n\n<\/div>[vc_column_text]\n\t\t<!-- MasterSlider -->\n\t\t<div id=\"P_MS69e21bfec0c21\" class=\"master-slider-parent msl slider-mobile  ms-parent-id-7\" style=\"\">\n\n\t\t\t\n\t\t\t<!-- MasterSlider Main -->\n\t\t\t<div id=\"MS69e21bfec0c21\" class=\"master-slider ms-skin-light-6 round-skin\" >\n\t\t\t\t \t\t\t\t \n\t\t\t\t<div  class=\"ms-slide\" data-delay=\"3\" data-fill-mode=\"fill\"  >\n\t\t\t\t\t<img decoding=\"async\" src=\"https:\/\/armazenebox.com.br\/site\/wp-content\/plugins\/master-slider\/public\/assets\/css\/blank.gif\" alt=\"\" title=\"\" data-src=\"https:\/\/armazenebox.com.br\/site\/wp-content\/uploads\/2025\/07\/11.jpg\" \/>\n\n\n\t<div class=\"ms-thumb\" ><div class=\"ms-tab-context\"><div class=\"&quot;ms-tab-context&quot;\"><\/div><\/div>\n<\/div>\n\t\t\t\t<\/div>\n\t\t\t\t<div  class=\"ms-slide\" data-delay=\"3\" data-fill-mode=\"fill\"  >\n\t\t\t\t\t<img decoding=\"async\" src=\"https:\/\/armazenebox.com.br\/site\/wp-content\/plugins\/master-slider\/public\/assets\/css\/blank.gif\" alt=\"\" title=\"\" data-src=\"https:\/\/armazenebox.com.br\/site\/wp-content\/uploads\/2025\/07\/1.jpg\" \/>\n\n\n\t<div class=\"ms-thumb\" ><div class=\"ms-tab-context\"><div class=\"&quot;ms-tab-context&quot;\"><\/div><\/div>\n<\/div>\n\t\t\t\t<\/div>\n\t\t\t\t<div  class=\"ms-slide\" data-delay=\"3\" data-fill-mode=\"fill\"  >\n\t\t\t\t\t<img decoding=\"async\" src=\"https:\/\/armazenebox.com.br\/site\/wp-content\/plugins\/master-slider\/public\/assets\/css\/blank.gif\" alt=\"\" title=\"\" data-src=\"https:\/\/armazenebox.com.br\/site\/wp-content\/uploads\/2025\/07\/2.jpg\" \/>\n\n\n\t<div class=\"ms-thumb\" ><div class=\"ms-tab-context\"><div class=\"&quot;ms-tab-context&quot;\"><\/div><\/div>\n<\/div>\n\t\t\t\t<\/div>\n\t\t\t\t<div  class=\"ms-slide\" data-delay=\"3\" data-fill-mode=\"fill\"  >\n\t\t\t\t\t<img decoding=\"async\" src=\"https:\/\/armazenebox.com.br\/site\/wp-content\/plugins\/master-slider\/public\/assets\/css\/blank.gif\" alt=\"\" title=\"\" data-src=\"https:\/\/armazenebox.com.br\/site\/wp-content\/uploads\/2025\/07\/3.jpg\" \/>\n\n\n\t<div class=\"ms-thumb\" ><div class=\"ms-tab-context\"><div class=\"&quot;ms-tab-context&quot;\"><\/div><\/div>\n<\/div>\n\t\t\t\t<\/div>\n\t\t\t\t<div  class=\"ms-slide\" data-delay=\"3\" data-fill-mode=\"fill\"  >\n\t\t\t\t\t<img decoding=\"async\" src=\"https:\/\/armazenebox.com.br\/site\/wp-content\/plugins\/master-slider\/public\/assets\/css\/blank.gif\" alt=\"\" title=\"\" data-src=\"https:\/\/armazenebox.com.br\/site\/wp-content\/uploads\/2025\/07\/4.jpg\" \/>\n\n\n\t<div class=\"ms-thumb\" ><div class=\"ms-tab-context\"><div class=\"&quot;ms-tab-context&quot;\"><\/div><\/div>\n<\/div>\n\t\t\t\t<\/div>\n\n\t\t\t<\/div>\n\t\t\t<!-- END MasterSlider Main -->\n\n\t\t\t \n\t\t<\/div>\n\t\t<!-- END MasterSlider -->\n\n\t\t<script>\n\t\t(function ( $ ) {\n\t\t\t\"use strict\";\n\n\t\t\t$(function () {\n\t\t\t\tvar masterslider_0c21 = new MasterSlider();\n\n\t\t\t\t\/\/ slider controls\n\n\t\t\t\t\/\/ slider setup\n\t\t\t\tmasterslider_0c21.setup(\"MS69e21bfec0c21\", {\n\t\t\t\t\t\twidth           : 0,\n\t\t\t\t\t\theight          : 500,\n\t\t\t\t\t\tminHeight       : 0,\n\t\t\t\t\t\tspace           : 0,\n\t\t\t\t\t\tstart           : 1,\n\t\t\t\t\t\tgrabCursor      : true,\n\t\t\t\t\t\tswipe           : true,\n\t\t\t\t\t\tmouse           : true,\n\t\t\t\t\t\tlayout          : \"fullwidth\",\n\t\t\t\t\t\twheel           : false,\n\t\t\t\t\t\tautoplay        : true,\n\t\t\t\t\t\tinstantStartLayers:false,\n\t\t\t\t\t\tloop            : true,\n\t\t\t\t\t\tshuffle         : false,\n\t\t\t\t\t\tpreload         : 0,\n\t\t\t\t\t\theightLimit     : true,\n\t\t\t\t\t\tautoHeight      : true,\n\t\t\t\t\t\tsmoothHeight    : true,\n\t\t\t\t\t\tendPause        : false,\n\t\t\t\t\t\toverPause       : false,\n\t\t\t\t\t\tfillMode        : \"fill\",\n\t\t\t\t\t\tcenterControls  : false,\n\t\t\t\t\t\tstartOnAppear   : false,\n\t\t\t\t\t\tlayersMode      : \"center\",\n\t\t\t\t\t\thideLayers      : false,\n\t\t\t\t\t\tfullscreenMargin: 0,\n\t\t\t\t\t\tspeed           : 22,\n\t\t\t\t\t\tdir             : \"h\",\n\t\t\t\t\t\tparallaxMode    : 'swipe',\n\t\t\t\t\t\tview            : \"fade\"\n\t\t\t\t});\n\n\t\t\t\t\n\t\t\t\twindow.masterslider_instances = window.masterslider_instances || [];\n\t\t\t\twindow.masterslider_instances.push( masterslider_0c21 );\n\t\t\t });\n\n\t\t})(jQuery);\n\t\t<\/script>\n\n[\/vc_column_text][\/vc_column][\/vc_row][vc_row][vc_column][vc_column_text][\/vc_column_text][\/vc_column][\/vc_row][vc_row content_placement=&#8221;top&#8221; type=&#8221;in_container&#8221; full_screen_row_position=&#8221;middle&#8221; scene_position=&#8221;center&#8221; text_color=&#8221;dark&#8221; text_align=&#8221;left&#8221; overlay_strength=&#8221;0.3&#8243;][vc_column width=&#8221;1\/2&#8243; column_padding=&#8221;no-extra-padding&#8221; column_padding_position=&#8221;all&#8221; background_color_opacity=&#8221;1&#8243; background_hover_color_opacity=&#8221;1&#8243; column_shadow=&#8221;none&#8221; tablet_text_alignment=&#8221;default&#8221; phone_text_alignment=&#8221;default&#8221; column_border_width=&#8221;none&#8221; column_border_style=&#8221;solid&#8221;][vc_raw_html]JTNDZGl2JTIwY2xhc3MlM0QlMjJ2aWRlby1hcm1hemVuZS1maWxsJTIyJTNFJTBBJTIwJTIwJTNDdmlkZW8lMjBjb250cm9scyUyMHByZWxvYWQlM0QlMjJtZXRhZGF0YSUyMiUzRSUwQSUyMCUyMCUyMCUyMCUzQ3NvdXJjZSUyMHNyYyUzRCUyMmh0dHBzJTNBJTJGJTJGYXJtYXplbmVib3guY29tLmJyJTJGc2l0ZSUyRndwLWNvbnRlbnQlMkZ1cGxvYWRzJTJGMjAyNSUyRjEyJTJGMWFybWF6ZW5lLm1wNCUyMiUyMHR5cGUlM0QlMjJ2aWRlbyUyRm1wNCUyMiUzRSUwQSUyMCUyMCUzQyUyRnZpZGVvJTNFJTBBJTNDJTJGZGl2JTNFJTBB[\/vc_raw_html][\/vc_column][vc_column width=&#8221;1\/2&#8243;][vc_custom_heading text=&#8221;ARMAZENEBOX<br \/>\nEspa\u00e7o para voc\u00ea guardar o que quiser!&#8221; font_container=&#8221;tag:h2|text_align:center|color:%2335605a&#8221; use_theme_fonts=&#8221;yes&#8221; css_animation=&#8221;bounceIn&#8221;][vc_column_text css_animation=&#8221;bounceIn&#8221; el_class=&#8221;font-company;&#8221;]\n<h6 align=\"justify\">Na <span style=\"color: #008000;\"><strong data-start=\"262\" data-end=\"277\">ARMAZENEBOX<\/strong><\/span>, voc\u00ea aluga espa\u00e7os pr\u00e1ticos, seguros e flex\u00edveis para guardar o que quiser, com contratos a partir de mensalidades que cabem no seu bolso. Seja para uso pessoal ou empresarial, oferecemos solu\u00e7\u00f5es sob medida para suas necessidades, com total seguran\u00e7a e facilidade de acesso.<\/h6>\n<h6 data-start=\"556\" data-end=\"590\"><strong data-start=\"556\" data-end=\"590\">Tamanhos de Boxes dispon\u00edveis:<\/strong><\/h6>\n<ul data-start=\"592\" data-end=\"872\">\n<li data-start=\"592\" data-end=\"677\">\n<h6 data-start=\"594\" data-end=\"677\"><span style=\"color: #008000;\"><strong data-start=\"594\" data-end=\"609\">Compact Box<\/strong> <\/span>\u2013 Ideal para pequenos volumes, caixas, arquivos e objetos pessoais.<\/h6>\n<\/li>\n<li data-start=\"678\" data-end=\"756\">\n<h6 data-start=\"680\" data-end=\"756\"><span style=\"color: #008000;\"><strong data-start=\"680\" data-end=\"696\">Standard Box<\/strong><\/span> \u2013 Perfeito para m\u00f3veis, eletrodom\u00e9sticos e estoques m\u00e9dios.<\/h6>\n<\/li>\n<li data-start=\"757\" data-end=\"872\">\n<h6 data-start=\"759\" data-end=\"872\"><span style=\"color: #008000;\"><strong data-start=\"759\" data-end=\"771\">Maxi Box<\/strong><\/span> \u2013 Espa\u00e7o amplo para guardar itens grandes, equipamentos, ferramentas e at\u00e9 ve\u00edculos em alguns casos<\/h6>\n<\/li>\n<\/ul>\n<h6 style=\"text-align: justify;\">Todos os nossos boxes contam com vigil\u00e2ncia por c\u00e2meras 24 horas, garantindo a prote\u00e7\u00e3o do seu patrim\u00f4nio em um ambiente seguro e monitorado.<\/h6>\n[\/vc_column_text][vc_column_text]\n<h6 style=\"text-align: justify;\" data-start=\"735\" data-end=\"813\">Oferecemos diferentes op\u00e7\u00f5es de espa\u00e7o para atender \u00e0s mais variadas demandas:<\/h6>\n<ul data-start=\"815\" data-end=\"1423\">\n<li data-start=\"815\" data-end=\"993\">\n<h6 style=\"text-align: justify;\" data-start=\"817\" data-end=\"993\"><span style=\"color: #008000;\"><strong data-start=\"817\" data-end=\"832\">Compact Box<\/strong><\/span><br data-start=\"832\" data-end=\"835\" \/>Ideal para pequenos volumes, como caixas, documentos, objetos pessoais e arquivos.<br data-start=\"917\" data-end=\"920\" \/>Uma op\u00e7\u00e3o inteligente para quem precisa de um espa\u00e7o extra, sem exageros.<\/h6>\n<\/li>\n<li data-start=\"995\" data-end=\"1180\">\n<h6 style=\"text-align: justify;\" data-start=\"997\" data-end=\"1180\"><span style=\"color: #008000;\"><strong data-start=\"997\" data-end=\"1013\">Standard Box<\/strong><\/span><br data-start=\"1013\" data-end=\"1016\" \/>Perfeito para armazenar m\u00f3veis, eletrodom\u00e9sticos, estoques de pequeno e m\u00e9dio porte ou objetos de mudan\u00e7a.<br data-start=\"1122\" data-end=\"1125\" \/>Um espa\u00e7o vers\u00e1til, com f\u00e1cil acesso e seguran\u00e7a total.<\/h6>\n<\/li>\n<li data-start=\"1182\" data-end=\"1423\">\n<h6 style=\"text-align: justify;\" data-start=\"1184\" data-end=\"1423\"><span style=\"color: #008000;\"><strong data-start=\"1184\" data-end=\"1196\">Maxi Box<\/strong><\/span><br data-start=\"1196\" data-end=\"1199\" \/>Amplo e robusto, o Maxi Box comporta desde ferramentas e equipamentos industriais at\u00e9 ve\u00edculos, motos ou at\u00e9 barcos (verifique disponibilidade).<br data-start=\"1343\" data-end=\"1346\" \/>Indicado para empresas ou clientes com necessidades maiores de armazenamento.<\/h6>\n<\/li>\n<\/ul>\n[\/vc_column_text][\/vc_column][\/vc_row][vc_row type=&#8221;in_container&#8221; full_screen_row_position=&#8221;middle&#8221; scene_position=&#8221;center&#8221; text_color=&#8221;dark&#8221; text_align=&#8221;left&#8221; overlay_strength=&#8221;0.3&#8243;][vc_column width=&#8221;1\/2&#8243; column_padding=&#8221;no-extra-padding&#8221; column_padding_position=&#8221;all&#8221; background_color_opacity=&#8221;1&#8243; background_hover_color_opacity=&#8221;1&#8243; column_shadow=&#8221;none&#8221; tablet_text_alignment=&#8221;default&#8221; phone_text_alignment=&#8221;default&#8221; column_border_width=&#8221;none&#8221; column_border_style=&#8221;solid&#8221;][vc_raw_html]JTNDZGl2JTIwY2xhc3MlM0QlMjJ2aWRlby1hcm1hemVuZS1maWxsJTIyJTNFJTBBJTIwJTIwJTNDdmlkZW8lMjBjb250cm9scyUyMHByZWxvYWQlM0QlMjJtZXRhZGF0YSUyMiUzRSUwQSUyMCUyMCUyMCUyMCUzQ3NvdXJjZSUyMHNyYyUzRCUyMmh0dHBzJTNBJTJGJTJGYXJtYXplbmVib3guY29tLmJyJTJGc2l0ZSUyRndwLWNvbnRlbnQlMkZ1cGxvYWRzJTJGMjAyNSUyRjEyJTJGQVJNQVpFTkVfQU5VTkNJT19MQUdFUy5tcDQlMjIlMjB0eXBlJTNEJTIydmlkZW8lMkZtcDQlMjIlM0UlMEElMjAlMjAlM0MlMkZ2aWRlbyUzRSUwQSUzQyUyRmRpdiUzRSUwQQ==[\/vc_raw_html][\/vc_column][vc_column width=&#8221;1\/2&#8243; column_padding=&#8221;no-extra-padding&#8221; column_padding_position=&#8221;all&#8221; background_color_opacity=&#8221;1&#8243; background_hover_color_opacity=&#8221;1&#8243; column_shadow=&#8221;none&#8221; tablet_text_alignment=&#8221;default&#8221; phone_text_alignment=&#8221;default&#8221; column_border_width=&#8221;none&#8221; column_border_style=&#8221;solid&#8221;][vc_row_inner column_margin=&#8221;default&#8221; text_align=&#8221;left&#8221;][vc_column_inner column_padding=&#8221;no-extra-padding&#8221; column_padding_position=&#8221;all&#8221; background_color_opacity=&#8221;1&#8243; column_border_width=&#8221;none&#8221; column_border_style=&#8221;solid&#8221;][vc_custom_heading text=&#8221;Porque Alugar um espa\u00e7o?&#8221; font_container=&#8221;tag:h2|text_align:center|color:%2335605a&#8221; use_theme_fonts=&#8221;yes&#8221; css_animation=&#8221;bounceIn&#8221;][vc_column_text]\n<p style=\"text-align: center;\"><img loading=\"lazy\" decoding=\"async\" class=\"alignnone size-medium wp-image-9567 aligncenter\" src=\"https:\/\/armazenebox.com.br\/site\/wp-content\/uploads\/2025\/07\/rapaz-com-caixa--265x300.png\" alt=\"\" width=\"265\" height=\"300\" srcset=\"https:\/\/armazenebox.com.br\/site\/wp-content\/uploads\/2025\/07\/rapaz-com-caixa--265x300.png 265w, https:\/\/armazenebox.com.br\/site\/wp-content\/uploads\/2025\/07\/rapaz-com-caixa-.png 450w\" sizes=\"auto, (max-width: 265px) 100vw, 265px\" \/><\/p>\n[\/vc_column_text][vc_column_text css_animation=&#8221;bounceIn&#8221; el_class=&#8221;font-company;&#8221;]\n<h6 style=\"text-align: justify;\">Nosso espa\u00e7o pode ser usado para diversas finalidades:<\/h6>\n<ul>\n<li style=\"text-align: justify;\">\n<h6><strong>Durante reformas ou mudan\u00e7as<\/strong>: Guarde m\u00f3veis e objetos com seguran\u00e7a tempor\u00e1ria.<\/h6>\n<\/li>\n<li style=\"text-align: justify;\">\n<h6><strong>Para empresas e empreendedores<\/strong>: Organize estoques, documentos e equipamentos com facilidade.<\/h6>\n<\/li>\n<li style=\"text-align: justify;\">\n<h6><strong>Itens sazonais<\/strong>: Guarde decora\u00e7\u00f5es, artigos esportivos ou equipamentos utilizados apenas em certas \u00e9pocas do ano.<\/h6>\n<\/li>\n<li>\n<h6 style=\"text-align: justify;\"><strong>Ve\u00edculos<\/strong>: Espa\u00e7os selecionados comportam o armazenamento de carros, motos ou barcos.<\/h6>\n<\/li>\n<\/ul>\n[\/vc_column_text][vc_column_text css_animation=&#8221;bounceIn&#8221; el_class=&#8221;font-company;&#8221;]\n<h6 style=\"text-align: justify;\">O self storage \u00e9 uma solu\u00e7\u00e3o moderna e eficiente para quem precisa de espa\u00e7o extra sem complica\u00e7\u00f5es.<br \/>\nVoc\u00ea resolve seu problema de espa\u00e7o sem burocracia, com total liberdade de acesso aos seus bens.<\/h6>\n[\/vc_column_text][\/vc_column_inner][\/vc_row_inner][\/vc_column][\/vc_row]\n","protected":false},"excerpt":{"rendered":"<p>[vc_row content_placement=&#8221;top&#8221; type=&#8221;full_width_content&#8221; full_screen_row_position=&#8221;middle&#8221; scene_position=&#8221;center&#8221; text_color=&#8221;dark&#8221; text_align=&#8221;left&#8221; id=&#8221;servicos&#8221; row_name=&#8221;Servi\u00e7os&#8221; disable_ken_burns=&#8221;yes&#8221; overlay_strength=&#8221;0.3&#8243;][vc_column column_padding=&#8221;no-extra-padding&#8221; column_padding_position=&#8221;top&#8221; background_color_opacity=&#8221;1&#8243; background_hover_color_opacity=&#8221;1&#8243; background_image=&#8221;1339&#8243; column_shadow=&#8221;none&#8221; tablet_text_alignment=&#8221;default&#8221; phone_text_alignment=&#8221;default&#8221; column_border_width=&#8221;none&#8221; column_border_style=&#8221;solid&#8221;][vc_column_text][\/vc_column_text][\/vc_column][\/vc_row][vc_row][vc_column][vc_column_text][\/vc_column_text][\/vc_column][\/vc_row][vc_row content_placement=&#8221;top&#8221; type=&#8221;in_container&#8221; full_screen_row_position=&#8221;middle&#8221; scene_position=&#8221;center&#8221; text_color=&#8221;dark&#8221; text_align=&#8221;left&#8221; overlay_strength=&#8221;0.3&#8243;][vc_column width=&#8221;1\/2&#8243; column_padding=&#8221;no-extra-padding&#8221;&#8230;<\/p>\n","protected":false},"author":1,"featured_media":0,"parent":0,"menu_order":0,"comment_status":"closed","ping_status":"closed","template":"","meta":{"_monsterinsights_skip_tracking":false,"_monsterinsights_sitenote_active":false,"_monsterinsights_sitenote_note":"","_monsterinsights_sitenote_category":0,"_joinchat":[],"footnotes":""},"class_list":["post-5455","page","type-page","status-publish","hentry"],"_links":{"self":[{"href":"https:\/\/armazenebox.com.br\/site\/index.php\/wp-json\/wp\/v2\/pages\/5455","targetHints":{"allow":["GET"]}}],"collection":[{"href":"https:\/\/armazenebox.com.br\/site\/index.php\/wp-json\/wp\/v2\/pages"}],"about":[{"href":"https:\/\/armazenebox.com.br\/site\/index.php\/wp-json\/wp\/v2\/types\/page"}],"author":[{"embeddable":true,"href":"https:\/\/armazenebox.com.br\/site\/index.php\/wp-json\/wp\/v2\/users\/1"}],"replies":[{"embeddable":true,"href":"https:\/\/armazenebox.com.br\/site\/index.php\/wp-json\/wp\/v2\/comments?post=5455"}],"version-history":[{"count":176,"href":"https:\/\/armazenebox.com.br\/site\/index.php\/wp-json\/wp\/v2\/pages\/5455\/revisions"}],"predecessor-version":[{"id":9834,"href":"https:\/\/armazenebox.com.br\/site\/index.php\/wp-json\/wp\/v2\/pages\/5455\/revisions\/9834"}],"wp:attachment":[{"href":"https:\/\/armazenebox.com.br\/site\/index.php\/wp-json\/wp\/v2\/media?parent=5455"}],"curies":[{"name":"wp","href":"https:\/\/api.w.org\/{rel}","templated":true}]}}