{"id":9582,"date":"2025-07-30T17:10:48","date_gmt":"2025-07-30T20:10:48","guid":{"rendered":"https:\/\/armazenebox.com.br\/site\/?page_id=9582"},"modified":"2025-12-16T14:12:36","modified_gmt":"2025-12-16T17:12:36","slug":"quem-somos","status":"publish","type":"page","link":"https:\/\/armazenebox.com.br\/site\/index.php\/quem-somos\/","title":{"rendered":"quem somos"},"content":{"rendered":"[vc_row type=&#8221;in_container&#8221; full_screen_row_position=&#8221;middle&#8221; scene_position=&#8221;center&#8221; text_color=&#8221;dark&#8221; text_align=&#8221;left&#8221; overlay_strength=&#8221;0.3&#8243;][vc_column width=&#8221;1\/2&#8243; column_padding=&#8221;padding-1-percent&#8221; column_padding_position=&#8221;all&#8221; background_color_opacity=&#8221;1&#8243; background_hover_color_opacity=&#8221;1&#8243; column_shadow=&#8221;none&#8221; tablet_text_alignment=&#8221;default&#8221; phone_text_alignment=&#8221;default&#8221; column_border_width=&#8221;none&#8221; column_border_style=&#8221;solid&#8221;][vc_raw_html]JTNDZGl2JTIwY2xhc3MlM0QlMjJ2aWRlby1hcm1hemVuZS1maWxsJTIyJTNFJTBBJTIwJTIwJTNDdmlkZW8lMjBjb250cm9scyUyMHByZWxvYWQlM0QlMjJtZXRhZGF0YSUyMiUzRSUwQSUyMCUyMCUyMCUyMCUzQ3NvdXJjZSUyMHNyYyUzRCUyMmh0dHBzJTNBJTJGJTJGYXJtYXplbmVib3guY29tLmJyJTJGc2l0ZSUyRndwLWNvbnRlbnQlMkZ1cGxvYWRzJTJGMjAyNSUyRjEyJTJGYXJtemVuZS1mb3Rvcy5tcDQlMjIlMjB0eXBlJTNEJTIydmlkZW8lMkZtcDQlMjIlM0UlMEElMjAlMjAlM0MlMkZ2aWRlbyUzRSUwQSUzQyUyRmRpdiUzRSUwQSUwQSUwQQ==[\/vc_raw_html][\/vc_column][vc_column width=&#8221;1\/2&#8243; column_padding=&#8221;no-extra-padding&#8221; column_padding_position=&#8221;all&#8221; background_color_opacity=&#8221;1&#8243; background_hover_color_opacity=&#8221;1&#8243; column_shadow=&#8221;none&#8221; tablet_text_alignment=&#8221;default&#8221; phone_text_alignment=&#8221;default&#8221; column_border_width=&#8221;none&#8221; column_border_style=&#8221;solid&#8221;][vc_single_image image=&#8221;9679&#8243; img_size=&#8221;full&#8221; alignment=&#8221;center&#8221;][vc_column_text]\n<h6 data-start=\"118\" data-end=\"178\"><\/h6>\n<h6 data-start=\"180\" data-end=\"452\">Na <span style=\"color: #008000;\"><strong data-start=\"183\" data-end=\"198\">ARMAZENEBOX<\/strong><\/span>, voc\u00ea encontra a solu\u00e7\u00e3o completa para armazenar com praticidade, seguran\u00e7a e flexibilidade. Oferecemos espa\u00e7os sob medida para diferentes necessidades \u2014 desde objetos pessoais, m\u00f3veis, documentos e equipamentos, at\u00e9 ve\u00edculos e materiais de maior porte.<\/h6>\n<h6 data-start=\"454\" data-end=\"625\">Com boxes de diversos tamanhos e planos acess\u00edveis, voc\u00ea s\u00f3 paga pelo espa\u00e7o que realmente precisa. Nossos contratos s\u00e3o simples e com mensalidades que cabem no seu bolso.<\/h6>\n[\/vc_column_text][vc_column_text]\n<h6 data-start=\"627\" data-end=\"832\">Aqui, <strong data-start=\"633\" data-end=\"676\">sua tranquilidade vem em primeiro lugar<\/strong>: todos os boxes contam com <strong data-start=\"704\" data-end=\"738\">vigil\u00e2ncia eletr\u00f4nica 24 horas<\/strong>, monitoramento por c\u00e2meras e acesso controlado, garantindo total seguran\u00e7a para os seus bens.<br \/>\nE para facilitar ainda mais o seu dia a dia, a ARMAZENEBOX disponibiliza um <strong data-start=\"910\" data-end=\"934\">aplicativo exclusivo<\/strong>, onde voc\u00ea pode <strong data-start=\"951\" data-end=\"1076\">gerenciar sua conta, acompanhar o status do seu box, acessar informa\u00e7\u00f5es do contrato e muito mais \u2014 tudo na palma da m\u00e3o.<br \/>\n<\/strong>Seja para uso pessoal ou comercial, a <span style=\"color: #008000;\">ARMAZENEBOX<\/span> \u00e9 a escolha certa para quem precisa de mais espa\u00e7o, com confian\u00e7a e tecnologia.<\/h6>\n<p>&nbsp;<\/p>\n[\/vc_column_text][\/vc_column][vc_column][\/vc_column][\/vc_row][vc_row][vc_column][vc_separator color=&#8221;custom&#8221; border_width=&#8221;6&#8243; accent_color=&#8221;#184c47&#8243;][vc_gmaps link=&#8221;#E-8_JTNDaWZyYW1lJTIwc3JjJTNEJTIyaHR0cHMlM0ElMkYlMkZ3d3cuZ29vZ2xlLmNvbSUyRm1hcHMlMkZlbWJlZCUzRnBiJTNEJTIxMW0xOCUyMTFtMTIlMjExbTMlMjExZDM1MjguNzEzMTE3MzUxMzM4NSUyMTJkLTUwLjM2NTMxNzkyMzc1MDYxJTIxM2QtMjcuODE4NjAwMTMxNjYzNTM3JTIxMm0zJTIxMWYwJTIxMmYwJTIxM2YwJTIxM20yJTIxMWkxMDI0JTIxMmk3NjglMjE0ZjEzLjElMjEzbTMlMjExbTIlMjExczB4OTRlMDIyMWQ5YmIyNmU1YiUyNTNBMHhjMmZlZDgyMzA3N2U5MDQxJTIxMnNDb25jcmVibG9jJTI1MjBJbmQlMjVDMyUyNUJBc3RyaWElMjUyMENvbSUyNUMzJTI1QTlyY2lvJTI1MjBBcnRlZmF0b3MlMjUyMENpbWVudG8lMjE1ZTAlMjEzbTIlMjExc3B0LUJSJTIxMnNiciUyMTR2MTc1NDA3NTk4MDk3OSUyMTVtMiUyMTFzcHQtQlIlMjEyc2JyJTIyJTIwd2lkdGglM0QlMjI2MDAlMjIlMjBoZWlnaHQlM0QlMjI0NTAlMjIlMjBzdHlsZSUzRCUyMmJvcmRlciUzQTAlM0IlMjIlMjBhbGxvd2Z1bGxzY3JlZW4lM0QlMjIlMjIlMjBsb2FkaW5nJTNEJTIybGF6eSUyMiUyMHJlZmVycmVycG9saWN5JTNEJTIybm8tcmVmZXJyZXItd2hlbi1kb3duZ3JhZGUlMjIlM0UlM0MlMkZpZnJhbWUlM0U=&#8221;][\/vc_column][\/vc_row]\n","protected":false},"excerpt":{"rendered":"<p>[vc_row type=&#8221;in_container&#8221; full_screen_row_position=&#8221;middle&#8221; scene_position=&#8221;center&#8221; text_color=&#8221;dark&#8221; text_align=&#8221;left&#8221; overlay_strength=&#8221;0.3&#8243;][vc_column width=&#8221;1\/2&#8243; column_padding=&#8221;padding-1-percent&#8221; column_padding_position=&#8221;all&#8221; background_color_opacity=&#8221;1&#8243; background_hover_color_opacity=&#8221;1&#8243; column_shadow=&#8221;none&#8221; tablet_text_alignment=&#8221;default&#8221; phone_text_alignment=&#8221;default&#8221; column_border_width=&#8221;none&#8221; column_border_style=&#8221;solid&#8221;][vc_raw_html]JTNDZGl2JTIwY2xhc3MlM0QlMjJ2aWRlby1hcm1hemVuZS1maWxsJTIyJTNFJTBBJTIwJTIwJTNDdmlkZW8lMjBjb250cm9scyUyMHByZWxvYWQlM0QlMjJtZXRhZGF0YSUyMiUzRSUwQSUyMCUyMCUyMCUyMCUzQ3NvdXJjZSUyMHNyYyUzRCUyMmh0dHBzJTNBJTJGJTJGYXJtYXplbmVib3guY29tLmJyJTJGc2l0ZSUyRndwLWNvbnRlbnQlMkZ1cGxvYWRzJTJGMjAyNSUyRjEyJTJGYXJtemVuZS1mb3Rvcy5tcDQlMjIlMjB0eXBlJTNEJTIydmlkZW8lMkZtcDQlMjIlM0UlMEElMjAlMjAlM0MlMkZ2aWRlbyUzRSUwQSUzQyUyRmRpdiUzRSUwQSUwQSUwQQ==[\/vc_raw_html][\/vc_column][vc_column width=&#8221;1\/2&#8243; column_padding=&#8221;no-extra-padding&#8221; column_padding_position=&#8221;all&#8221; background_color_opacity=&#8221;1&#8243; background_hover_color_opacity=&#8221;1&#8243; column_shadow=&#8221;none&#8221; tablet_text_alignment=&#8221;default&#8221; phone_text_alignment=&#8221;default&#8221; column_border_width=&#8221;none&#8221; column_border_style=&#8221;solid&#8221;][vc_single_image image=&#8221;9679&#8243; img_size=&#8221;full&#8221; alignment=&#8221;center&#8221;][vc_column_text]&#8230;<\/p>\n","protected":false},"author":2,"featured_media":0,"parent":0,"menu_order":0,"comment_status":"closed","ping_status":"closed","template":"","meta":{"_monsterinsights_skip_tracking":false,"_monsterinsights_sitenote_active":false,"_monsterinsights_sitenote_note":"","_monsterinsights_sitenote_category":0,"_joinchat":[],"footnotes":""},"class_list":["post-9582","page","type-page","status-publish","hentry"],"_links":{"self":[{"href":"https:\/\/armazenebox.com.br\/site\/index.php\/wp-json\/wp\/v2\/pages\/9582","targetHints":{"allow":["GET"]}}],"collection":[{"href":"https:\/\/armazenebox.com.br\/site\/index.php\/wp-json\/wp\/v2\/pages"}],"about":[{"href":"https:\/\/armazenebox.com.br\/site\/index.php\/wp-json\/wp\/v2\/types\/page"}],"author":[{"embeddable":true,"href":"https:\/\/armazenebox.com.br\/site\/index.php\/wp-json\/wp\/v2\/users\/2"}],"replies":[{"embeddable":true,"href":"https:\/\/armazenebox.com.br\/site\/index.php\/wp-json\/wp\/v2\/comments?post=9582"}],"version-history":[{"count":37,"href":"https:\/\/armazenebox.com.br\/site\/index.php\/wp-json\/wp\/v2\/pages\/9582\/revisions"}],"predecessor-version":[{"id":9837,"href":"https:\/\/armazenebox.com.br\/site\/index.php\/wp-json\/wp\/v2\/pages\/9582\/revisions\/9837"}],"wp:attachment":[{"href":"https:\/\/armazenebox.com.br\/site\/index.php\/wp-json\/wp\/v2\/media?parent=9582"}],"curies":[{"name":"wp","href":"https:\/\/api.w.org\/{rel}","templated":true}]}}