{"id":9782,"date":"2025-08-01T18:54:09","date_gmt":"2025-08-01T21:54:09","guid":{"rendered":"https:\/\/armazenebox.com.br\/site\/?page_id=9782"},"modified":"2025-08-01T19:18:27","modified_gmt":"2025-08-01T22:18:27","slug":"tamanhos-de-box","status":"publish","type":"page","link":"https:\/\/armazenebox.com.br\/site\/index.php\/tamanhos-de-box\/","title":{"rendered":"Tamanhos de box"},"content":{"rendered":"[vc_row][vc_column][vc_text_separator title=&#8221;Op\u00e7\u00f5es de Box para Cada Necessidade&#8221; color=&#8221;custom&#8221; border_width=&#8221;6&#8243; accent_color=&#8221;#184c47&#8243;][\/vc_column][\/vc_row][vc_row][vc_column][vc_column_text]\n[\/vc_column_text][\/vc_column][\/vc_row][vc_row row_content_width=&#8221;grid&#8221; css=&#8221;.vc_custom_1493803263523{padding-bottom: 40px !important;}&#8221;][vc_column width=&#8221;1\/2&#8243;][vc_gallery type=&#8221;image_grid&#8221; images=&#8221;9765&#8243; img_size=&#8221;full&#8221; css_animation=&#8221;bounceIn&#8221;][\/vc_column][vc_column width=&#8221;1\/2&#8243;][vc_column_text]\n<h4><span style=\"color: #008000;\"><strong>Compact Box<\/strong><\/span><br \/>\n<span style=\"color: #ff0000;\"><strong data-start=\"1075\" data-end=\"1127\">\u00c1rea aproximada: 14,4 m\u00b2 | Volume interno: 32 m\u00b3<\/strong><\/span><br data-start=\"1127\" data-end=\"1130\" \/>O Compact Box \u00e9 equivalente ao espa\u00e7o interno de um container padr\u00e3o, ideal para armazenar caixas, documentos, objetos pessoais, arquivos, pequenos m\u00f3veis ou pertences de uso ocasional.<br data-start=\"1315\" data-end=\"1318\" \/>\u00c9 a escolha perfeita para quem precisa de um espa\u00e7o extra com \u00f3timo custo-benef\u00edcio.<\/h4>\n[\/vc_column_text][\/vc_column][\/vc_row][vc_row][vc_column][vc_column_text]\n[\/vc_column_text][\/vc_column][\/vc_row][vc_row][vc_column width=&#8221;1\/2&#8243;][vc_gallery type=&#8221;image_grid&#8221; images=&#8221;9766&#8243; img_size=&#8221;full&#8221; css_animation=&#8221;bounceIn&#8221;][\/vc_column][vc_column width=&#8221;1\/2&#8243;][vc_column_text]\n<h4><span style=\"color: #008000;\"><strong>Standard Box<\/strong><\/span><br \/>\n<span style=\"color: #ff0000;\"><strong data-start=\"1436\" data-end=\"1488\">\u00c1rea aproximada: 28,8 m\u00b2 | Volume interno: 64 m\u00b3<\/strong><\/span><br data-start=\"1488\" data-end=\"1491\" \/>Formado por dois m\u00f3dulos interligados, o Standard Box oferece o dobro de espa\u00e7o do Compact.<br data-start=\"1582\" data-end=\"1585\" \/>Perfeito para guardar m\u00f3veis de uma resid\u00eancia, estoques de pequeno e m\u00e9dio porte, eletrodom\u00e9sticos, equipamentos de trabalho e materiais diversos.<br data-start=\"1732\" data-end=\"1735\" \/>\u00c9 uma op\u00e7\u00e3o vers\u00e1til para quem busca mais espa\u00e7o sem abrir m\u00e3o da organiza\u00e7\u00e3o e seguran\u00e7a.<\/h4>\n[\/vc_column_text][\/vc_column][\/vc_row][vc_row][vc_column][vc_column_text]\n[\/vc_column_text][\/vc_column][\/vc_row][vc_row][vc_column width=&#8221;1\/2&#8243;][vc_gallery type=&#8221;image_grid&#8221; images=&#8221;9767&#8243; img_size=&#8221;full&#8221; css_animation=&#8221;bounceIn&#8221;][\/vc_column][vc_column width=&#8221;1\/2&#8243;][vc_column_text]\n<h4><span style=\"color: #008000;\"><strong>Max Box<\/strong><\/span><br \/>\n<span style=\"color: #ff0000;\"><strong data-start=\"1855\" data-end=\"1907\">\u00c1rea aproximada: 43,2 m\u00b2 | Volume interno: 96 m\u00b3<\/strong><\/span><br data-start=\"1907\" data-end=\"1910\" \/>Nosso maior box \u00e9 composto por tr\u00eas m\u00f3dulos conectados, oferecendo amplo espa\u00e7o para demandas robustas.<br data-start=\"2013\" data-end=\"2016\" \/>Ideal para guardar ferramentas, equipamentos industriais, materiais de constru\u00e7\u00e3o, motos, ve\u00edculos e at\u00e9 embarca\u00e7\u00f5es de pequeno porte (consulte disponibilidade).<br data-start=\"2177\" data-end=\"2180\" \/>Solu\u00e7\u00e3o ideal para empresas ou clientes que precisam de grande volume de armazenamento com total controle e seguran\u00e7a.<\/h4>\n[\/vc_column_text][\/vc_column][\/vc_row]\n","protected":false},"excerpt":{"rendered":"<p>[vc_row][vc_column][vc_text_separator title=&#8221;Op\u00e7\u00f5es de Box para Cada Necessidade&#8221; color=&#8221;custom&#8221; border_width=&#8221;6&#8243; accent_color=&#8221;#184c47&#8243;][\/vc_column][\/vc_row][vc_row][vc_column][vc_column_text] [\/vc_column_text][\/vc_column][\/vc_row][vc_row row_content_width=&#8221;grid&#8221; css=&#8221;.vc_custom_1493803263523{padding-bottom: 40px !important;}&#8221;][vc_column width=&#8221;1\/2&#8243;][vc_gallery type=&#8221;image_grid&#8221; images=&#8221;9765&#8243; img_size=&#8221;full&#8221; css_animation=&#8221;bounceIn&#8221;][\/vc_column][vc_column width=&#8221;1\/2&#8243;][vc_column_text] Compact Box \u00c1rea aproximada: 14,4 m\u00b2 | Volume interno:&#8230;<\/p>\n","protected":false},"author":3,"featured_media":0,"parent":0,"menu_order":0,"comment_status":"closed","ping_status":"closed","template":"","meta":{"_monsterinsights_skip_tracking":false,"_monsterinsights_sitenote_active":false,"_monsterinsights_sitenote_note":"","_monsterinsights_sitenote_category":0,"_joinchat":[],"footnotes":""},"class_list":["post-9782","page","type-page","status-publish","hentry"],"_links":{"self":[{"href":"https:\/\/armazenebox.com.br\/site\/index.php\/wp-json\/wp\/v2\/pages\/9782","targetHints":{"allow":["GET"]}}],"collection":[{"href":"https:\/\/armazenebox.com.br\/site\/index.php\/wp-json\/wp\/v2\/pages"}],"about":[{"href":"https:\/\/armazenebox.com.br\/site\/index.php\/wp-json\/wp\/v2\/types\/page"}],"author":[{"embeddable":true,"href":"https:\/\/armazenebox.com.br\/site\/index.php\/wp-json\/wp\/v2\/users\/3"}],"replies":[{"embeddable":true,"href":"https:\/\/armazenebox.com.br\/site\/index.php\/wp-json\/wp\/v2\/comments?post=9782"}],"version-history":[{"count":8,"href":"https:\/\/armazenebox.com.br\/site\/index.php\/wp-json\/wp\/v2\/pages\/9782\/revisions"}],"predecessor-version":[{"id":9810,"href":"https:\/\/armazenebox.com.br\/site\/index.php\/wp-json\/wp\/v2\/pages\/9782\/revisions\/9810"}],"wp:attachment":[{"href":"https:\/\/armazenebox.com.br\/site\/index.php\/wp-json\/wp\/v2\/media?parent=9782"}],"curies":[{"name":"wp","href":"https:\/\/api.w.org\/{rel}","templated":true}]}}